{"id":24,"date":"2023-06-22T15:40:25","date_gmt":"2023-06-22T15:40:25","guid":{"rendered":"https:\/\/kammerorchester-freiburg.de\/?page_id=24"},"modified":"2025-04-08T15:03:35","modified_gmt":"2025-04-08T15:03:35","slug":"der-dirigent","status":"publish","type":"page","link":"https:\/\/kammerorchester-freiburg.de\/?page_id=24","title":{"rendered":"Der Dirigent"},"content":{"rendered":"\n<figure class=\"wp-block-image size-large\"><img loading=\"lazy\" decoding=\"async\" width=\"958\" height=\"1024\" src=\"https:\/\/kammerorchester-freiburg.de\/wp-content\/uploads\/2025\/04\/Fridolin-958x1024.jpg\" alt=\"\" class=\"wp-image-80\" srcset=\"https:\/\/kammerorchester-freiburg.de\/wp-content\/uploads\/2025\/04\/Fridolin-958x1024.jpg 958w, https:\/\/kammerorchester-freiburg.de\/wp-content\/uploads\/2025\/04\/Fridolin-281x300.jpg 281w, https:\/\/kammerorchester-freiburg.de\/wp-content\/uploads\/2025\/04\/Fridolin-768x821.jpg 768w, https:\/\/kammerorchester-freiburg.de\/wp-content\/uploads\/2025\/04\/Fridolin-1438x1536.jpg 1438w, https:\/\/kammerorchester-freiburg.de\/wp-content\/uploads\/2025\/04\/Fridolin-1917x2048.jpg 1917w\" sizes=\"auto, (max-width: 958px) 100vw, 958px\" \/><\/figure>\n\n\n\n<p>Fridolin Bosse (geb. 2005) studiert seit dem Sommersemester 2024 Orchesterleitung an der Musikhochschule Freiburg bei Prof. Scott Sandmeier, Massimiliano Matesic sowie Prof. Frank Markowitsch. Ab Sommer 2025 nimmt er zudem ein Korrepetitionsstudium als zweites Hauptfach bei Prof. Nicholas Rimmer auf und konnte bereits Korrepetitionserfahrungen am Theater Freiburg sammeln.<br>Zudem erh\u00e4lt er Hauptfachunterricht in Klavier bei Tilman Kr\u00e4mer und Gesang bei Prof. Torsten Meyer.<br>Er ist Stipendiat der Karl und Maria Schweyer-Stiftung sowie der Horst und Gretl Will-Stiftung.<\/p>\n\n\n\n<p>Seine musikalische Ausbildung begann er bereits im Alter von f\u00fcnf Jahren am Klavier. In den Folgejahren wurde seine Ausbildung kontinuierlich erweitert, indem er zus\u00e4tzlich Unterricht in Posaune, Gesang und an der Orgel erhielt. Studienvorbereitend wurde er von Jan-Paul Reinke an der Musikschule Mannheim sowohl im Klavier als auch im Dirigieren unterrichtet.<\/p>\n\n\n\n<p>Eine besonders pr\u00e4gende Phase seiner Ausbildung erlebte er als Mitglied des Kinderchors des Nationaltheaters Mannheim, wo er in zahlreichen Opernproduktionen mitwirkte. Besonders hervorzuheben sind seine Rollen als \u201eAmor\u201c in Monteverdis Kr\u00f6nung der Poppea, als &#8220;Yniold&#8221;in Debussys Pell\u00e9as et M\u00e9lisande sowie als Knabensolist in Mozarts Die Zauberfl\u00f6te am Nationaltheater Mannheim und an der Deutschen Oper am Rhein. Orchestermusikalische Erfahrungen sammelte er als Soloposaunist im JugendSinfonieOrchester Mannheim.<\/p>\n\n\n\n<p>Fridolin Bosse gewann mehrere 1. und 2. Bundespreise bei \u201eJugend musiziert\u201c sowohl solistisch mit Gesang, Klavier und Posaune, als auch kammermusikalisch in diversen Kunstliedduos, als Klavierbegleiter sowie in Gesangsensembles.<\/p>\n\n\n\n<p>Ab dem Sommersemester 2025 \u00fcbernimmt er die Leitung des Jungen Kammerorchesters Freiburg.<\/p>\n\n\n\n<p><\/p>\n","protected":false},"excerpt":{"rendered":"<p>Fridolin Bosse (geb. 2005) studiert seit dem Sommersemester 2024 Orchesterleitung an der Musikhochschule Freiburg bei Prof. Scott Sandmeier, Massimiliano Matesic sowie Prof. Frank Markowitsch. Ab Sommer 2025 nimmt er zudem [&hellip;]<\/p>\n","protected":false},"author":1,"featured_media":0,"parent":0,"menu_order":0,"comment_status":"closed","ping_status":"closed","template":"","meta":{"_EventAllDay":false,"_EventTimezone":"","_EventStartDate":"","_EventEndDate":"","_EventStartDateUTC":"","_EventEndDateUTC":"","_EventShowMap":false,"_EventShowMapLink":false,"_EventURL":"","_EventCost":"","_EventCostDescription":"","_EventCurrencySymbol":"","_EventCurrencyCode":"","_EventCurrencyPosition":"","_EventDateTimeSeparator":"","_EventTimeRangeSeparator":"","_EventOrganizerID":[],"_EventVenueID":[],"_OrganizerEmail":"","_OrganizerPhone":"","_OrganizerWebsite":"","_VenueAddress":"","_VenueCity":"","_VenueCountry":"","_VenueProvince":"","_VenueState":"","_VenueZip":"","_VenuePhone":"","_VenueURL":"","_VenueStateProvince":"","_VenueLat":"","_VenueLng":"","_VenueShowMap":false,"_VenueShowMapLink":false,"footnotes":""},"class_list":["post-24","page","type-page","status-publish","hentry"],"_links":{"self":[{"href":"https:\/\/kammerorchester-freiburg.de\/index.php?rest_route=\/wp\/v2\/pages\/24","targetHints":{"allow":["GET"]}}],"collection":[{"href":"https:\/\/kammerorchester-freiburg.de\/index.php?rest_route=\/wp\/v2\/pages"}],"about":[{"href":"https:\/\/kammerorchester-freiburg.de\/index.php?rest_route=\/wp\/v2\/types\/page"}],"author":[{"embeddable":true,"href":"https:\/\/kammerorchester-freiburg.de\/index.php?rest_route=\/wp\/v2\/users\/1"}],"replies":[{"embeddable":true,"href":"https:\/\/kammerorchester-freiburg.de\/index.php?rest_route=%2Fwp%2Fv2%2Fcomments&post=24"}],"version-history":[{"count":3,"href":"https:\/\/kammerorchester-freiburg.de\/index.php?rest_route=\/wp\/v2\/pages\/24\/revisions"}],"predecessor-version":[{"id":82,"href":"https:\/\/kammerorchester-freiburg.de\/index.php?rest_route=\/wp\/v2\/pages\/24\/revisions\/82"}],"wp:attachment":[{"href":"https:\/\/kammerorchester-freiburg.de\/index.php?rest_route=%2Fwp%2Fv2%2Fmedia&parent=24"}],"curies":[{"name":"wp","href":"https:\/\/api.w.org\/{rel}","templated":true}]}}